{"id":95,"date":"2016-11-08T14:53:20","date_gmt":"2016-11-08T13:53:20","guid":{"rendered":"http:\/\/www.malerei-palette.de\/?page_id=95"},"modified":"2024-06-07T09:48:14","modified_gmt":"2024-06-07T07:48:14","slug":"ausbildung","status":"publish","type":"page","link":"https:\/\/www.malerei-palette.de\/?page_id=95","title":{"rendered":"Ausbildung"},"content":{"rendered":"<p><a href=\"https:\/\/www.malerei-palette.de\/wp-content\/uploads\/2024\/06\/Malerei-Pallette-auf-Geruest-Fassadenarbeiten-1.png\"><img loading=\"lazy\" decoding=\"async\" class=\"size-full wp-image-182 alignleft\" src=\"https:\/\/www.malerei-palette.de\/wp-content\/uploads\/2024\/06\/Malerei-Pallette-auf-Geruest-Fassadenarbeiten-1.png\" alt=\"Malereibetrieb Palette - 2 Mitarbeiter auf einem Ger\u00fcst bei Fassadenarbeiten\" width=\"500\" height=\"333\" srcset=\"https:\/\/www.malerei-palette.de\/wp-content\/uploads\/2024\/06\/Malerei-Pallette-auf-Geruest-Fassadenarbeiten-1.png 500w, https:\/\/www.malerei-palette.de\/wp-content\/uploads\/2024\/06\/Malerei-Pallette-auf-Geruest-Fassadenarbeiten-1-300x200.png 300w\" sizes=\"auto, (max-width: 500px) 100vw, 500px\" \/><\/a><\/p>\n<p>Streichen, Kleistern und Lackieren sind die typischen Arbeiten eines Malers. Je nachdem, ob ein Neubau seinen ersten Anstrich erh\u00e4lt oder ein historisches Geb\u00e4ude restauriert wird, m\u00fcssen Maler und Lackierer verschiedene Techniken kennen und anwenden. Unter Anleitung erfahrener Ausbilder setzen wir unsere Auszubildenden aktiv auf unseren Baustellen ein. Hier wird der pers\u00f6nliche Ehrgeiz geweckt, weil auch Leistung und Mitdenken abverlangt werden.<\/p>\n<p>Das Maler-Team ist berlinweit unterwegs, um seine Auftr\u00e4ge auszuf\u00fchren. Die \u00fcberwiegende Arbeit besteht in Anstrichen aller Art, aber auch im Verputzen und Beschichten von W\u00e4nden und Decken im Innern und an den Au\u00dfenw\u00e4nden von Geb\u00e4uden. Sie lernen die M\u00f6glichkeiten der Behandlung von Oberfl\u00e4chen kennen, wie Untergr\u00fcnde gepr\u00fcft und bewertet werden und wie deren Beschichtung vorbereitet und durchgef\u00fchrt wird.<\/p>\n<p>Auch an die Bodenleger werden vielf\u00e4ltige Anforderungen gestellt. Die Auszubildenden lernen den Umgang mit verschiedenen Materialien und Verlegetechniken.<\/p>\n<h3>Voraussetzungen<\/h3>\n<p>Um optimale Ergebnisse zu erm\u00f6glichen und den zeitlichen Aufwand gering zu halten, arbeiten wir im Team. Wir unterst\u00fctzten, erg\u00e4nzen und entlasten uns gegen-seitig. Eine gute Teamarbeit ist die Voraussetzung f\u00fcr ein positives Arbeitsklima.<\/p>\n<h3>Schwerpunkte der Ausbildung<\/h3>\n<p>Mitarbeit auf den berlinweiten Baustellen, Lernen vor Ort<\/p>\n<h5>Speziell Maler und Lackierer:<\/h5>\n<ul>\n<li>Beschichten von Untergr\u00fcnden z. B. Vorstreichen, Lackieren, Tapezieren, dekorative Techniken, Beschichten, Lasieren<\/li>\n<\/ul>\n<h5>Speziell Bodenleger:<\/h5>\n<ul>\n<li>Verlegen von Bodenbelegen z. B. PVC, CV, Linoleum, Teppichboden, Vinyl, Sisal, Kautschuk, Kokos, Nadelvlies<\/li>\n<li>Verlegen von Sockelleisten<\/li>\n<li>Schleifen und Lackieren von Parkett und Dielung<\/li>\n<\/ul>\n","protected":false},"excerpt":{"rendered":"<p>Streichen, Kleistern und Lackieren sind die typischen Arbeiten eines Malers. Je nachdem, ob ein Neubau seinen ersten Anstrich erh\u00e4lt oder ein historisches Geb\u00e4ude restauriert wird, m\u00fcssen Maler und Lackierer verschiedene Techniken kennen und anwenden. Unter Anleitung erfahrener Ausbilder setzen wir<\/p>\n","protected":false},"author":1,"featured_media":0,"parent":0,"menu_order":0,"comment_status":"closed","ping_status":"closed","template":"","meta":{"footnotes":""},"class_list":["post-95","page","type-page","status-publish","hentry"],"_links":{"self":[{"href":"https:\/\/www.malerei-palette.de\/index.php?rest_route=\/wp\/v2\/pages\/95","targetHints":{"allow":["GET"]}}],"collection":[{"href":"https:\/\/www.malerei-palette.de\/index.php?rest_route=\/wp\/v2\/pages"}],"about":[{"href":"https:\/\/www.malerei-palette.de\/index.php?rest_route=\/wp\/v2\/types\/page"}],"author":[{"embeddable":true,"href":"https:\/\/www.malerei-palette.de\/index.php?rest_route=\/wp\/v2\/users\/1"}],"replies":[{"embeddable":true,"href":"https:\/\/www.malerei-palette.de\/index.php?rest_route=%2Fwp%2Fv2%2Fcomments&post=95"}],"version-history":[{"count":5,"href":"https:\/\/www.malerei-palette.de\/index.php?rest_route=\/wp\/v2\/pages\/95\/revisions"}],"predecessor-version":[{"id":183,"href":"https:\/\/www.malerei-palette.de\/index.php?rest_route=\/wp\/v2\/pages\/95\/revisions\/183"}],"wp:attachment":[{"href":"https:\/\/www.malerei-palette.de\/index.php?rest_route=%2Fwp%2Fv2%2Fmedia&parent=95"}],"curies":[{"name":"wp","href":"https:\/\/api.w.org\/{rel}","templated":true}]}}