{"id":31,"date":"2016-10-27T11:43:32","date_gmt":"2016-10-27T09:43:32","guid":{"rendered":"http:\/\/www.malerei-palette.de\/?page_id=31"},"modified":"2026-03-20T16:42:06","modified_gmt":"2026-03-20T15:42:06","slug":"impressum","status":"publish","type":"page","link":"https:\/\/www.malerei-palette.de\/?page_id=31","title":{"rendered":"Impressum \/ Rechtliches"},"content":{"rendered":"<div id=\"content\">\n<div id=\"main\">\n<div id=\"post-19\" class=\"post-19 page type-page status-publish has-post-thumbnail hentry\">\n<article class=\"full-size\">\n<h1>Mosaik-Service gGmbH<\/h1>\n<p>Ifflandstra\u00dfe 12<br \/>\n10179 Berlin<br \/>\nT 030-21 99 07 0<br \/>\nF 030-21 99 07 99<br \/>\n<a href=\"mailto:info@mosaik-berlin.de\">info@mosaik-berlin.de<\/a><br \/>\nInternet:<a href=\"http:\/\/www.mosaik-berlin.de\/\"> www.mosaik-berlin.de<\/a><\/p>\n<p>Sitz der Gesellschaft: Berlin Amtsgericht: Berlin-Charlottenburg HRB 47705<br \/>\nGesch\u00e4ftsf\u00fchrung: Frank Jeromin, Jan Ballerst\u00e4dt, Annette Heindorff<br \/>\nUmsatzsteuer-ID-Nr.: DE 160474913;<br \/>\nDas Mosaik e.V. (Organtr\u00e4ger) Steuer-Nr.: 27\/ 632\/ 50159<br \/>\nMitglied im DPWV LV Berlin e.V.<\/p>\n<p>Verantwortlich im Sinne des Presserechts: Frank Jeromin, Jan Ballerst\u00e4dt, Annette Heindorff<\/p>\n<h1>Haftungsausschluss<\/h1>\n<p>Die Mosaik-Services gGmbH \u00fcbernimmt keine Gew\u00e4hr f\u00fcr die Richtigkeit, Vollst\u00e4ndigkeit und Aktualit\u00e4t der auf dieser Website angebotenen Informationen. In keinem Fall wird f\u00fcr Sch\u00e4den, die sich aus der Nutzung oder Nichtnutzung dieser Website ergeben, eine Haftung \u00fcbernommen. F\u00fcr alle auf dieser Website angebotenen externen Links, die auf fremde Websites zeigen, auf denen Inhalte angeboten werden, die von Dritten zu verantworten sind, wird keine wie auch immer geartete Haftung bez\u00fcglich der Inhalte \u00fcbernommen.<\/p>\n<p>Die Mosaik-Services gGmbH erkl\u00e4rt hiermit, keinerlei Einfluss auf die aktuelle und zuk\u00fcnftige Gestaltung, die Inhalte oder die Urheberschaft der verlinkten Seiten zu haben, distanziert sich hiermit ausdr\u00fccklich von s\u00e4mtlichen Inhalten aller auf unserer Website verlinkten Seiten, die nach der Linksetzung ver\u00e4ndert wurden, und macht sich diese Inhalte in keinem Fall zu Eigen. Wir sind dankbar f\u00fcr jeden Hinweis auf bedenkliche Inhalte von Seiten, auf die mittels Link von unserer Website aus verwiesen wird.<\/p>\n<h1>Urheberrechtshinweis<\/h1>\n<p>Alle Inhalte und Strukturen dieser Website sind urheber- und leistungsschutzrechtlich gesch\u00fctzt. Die Ver\u00f6ffentlichung im World Wide Web oder in sonstigen Diensten des Internets bedeutet noch keine Einverst\u00e4ndniserkl\u00e4rung f\u00fcr eine anderweitige Nutzung durch Dritte. Wir erlauben und begr\u00fc\u00dfen ausdr\u00fccklich das Zitieren unserer Dokumente sowie das Setzen von Links auf unsere Website, solange kenntlich gemacht wird, dass es sich um Inhalte der Website der Mosaik-Services gGmbH handelt und diese Inhalte nicht in Verbindung mit Inhalten Dritter gebracht werden, die den Interessen der Mosaik-Services gGmbH widersprechen.<\/p>\n<h1>Gewerbliche Schutzrechte<\/h1>\n<p>Alle innerhalb dieser Website genannten und gegebenenfalls durch Dritte gesch\u00fctzten Marken- und Warenzeichen uneingeschr\u00e4nkt den Bestimmungen des jeweils g\u00fcltigen Kennzeichenrechts und den Besitzrechten der jeweiligen eingetragenen Eigent\u00fcmer. Allein aufgrund der blo\u00dfen Nennung ist nicht der Schluss zu ziehen, dass Markenzeichen nicht durch Rechte Dritter gesch\u00fctzt sind.<\/p>\n<h1>Hinweis an Verbraucher nach \u00a7 3 Verbraucherstreitbeilegungsgesetz (VSBG)<\/h1>\n<p>Die Mosaik-Services gGmbH ist nicht verpflichtet, an Streitbeilegungsverfahren vor einer\u00a0 Verbraucherschlichtungsstelle teilzunehmen. Die Teilnahme an einem solchen Verfahren k\u00f6nnen wir leider auch nicht anbieten. Die EU-Kommission bietet die M\u00f6glichkeit zur Online-Streitbeilegung auf einer von ihr betriebenen Online-Plattform. Diese Plattform ist \u00fcber den externen Link <a href=\"http:\/\/ec.europa.eu\/consumers\/odr\/\" target=\"_blank\" rel=\"noopener\">http:\/\/ec.europa.eu\/consumers\/odr\/<\/a> zu erreichen.<\/p>\n<h1>Bildnachweis<\/h1>\n<p>Copyright 2020 Mosaik-Berlin gGmbH und Mosaik-Services gGmbH. Alle Rechte vorbehalten.<\/p>\n<h1><\/h1>\n<h1><\/h1>\n<\/article>\n<\/div>\n<\/div>\n<\/div>\n","protected":false},"excerpt":{"rendered":"<p>Mosaik-Service gGmbH Ifflandstra\u00dfe 12 10179 Berlin T 030-21 99 07 0 F 030-21 99 07 99 info@mosaik-berlin.de Internet: www.mosaik-berlin.de Sitz der Gesellschaft: Berlin Amtsgericht: Berlin-Charlottenburg HRB 47705 Gesch\u00e4ftsf\u00fchrung: Frank Jeromin, Jan Ballerst\u00e4dt, Annette Heindorff Umsatzsteuer-ID-Nr.: DE 160474913; Das Mosaik e.V.<\/p>\n","protected":false},"author":1,"featured_media":0,"parent":0,"menu_order":0,"comment_status":"closed","ping_status":"closed","template":"","meta":{"footnotes":""},"class_list":["post-31","page","type-page","status-publish","hentry"],"_links":{"self":[{"href":"https:\/\/www.malerei-palette.de\/index.php?rest_route=\/wp\/v2\/pages\/31","targetHints":{"allow":["GET"]}}],"collection":[{"href":"https:\/\/www.malerei-palette.de\/index.php?rest_route=\/wp\/v2\/pages"}],"about":[{"href":"https:\/\/www.malerei-palette.de\/index.php?rest_route=\/wp\/v2\/types\/page"}],"author":[{"embeddable":true,"href":"https:\/\/www.malerei-palette.de\/index.php?rest_route=\/wp\/v2\/users\/1"}],"replies":[{"embeddable":true,"href":"https:\/\/www.malerei-palette.de\/index.php?rest_route=%2Fwp%2Fv2%2Fcomments&post=31"}],"version-history":[{"count":6,"href":"https:\/\/www.malerei-palette.de\/index.php?rest_route=\/wp\/v2\/pages\/31\/revisions"}],"predecessor-version":[{"id":201,"href":"https:\/\/www.malerei-palette.de\/index.php?rest_route=\/wp\/v2\/pages\/31\/revisions\/201"}],"wp:attachment":[{"href":"https:\/\/www.malerei-palette.de\/index.php?rest_route=%2Fwp%2Fv2%2Fmedia&parent=31"}],"curies":[{"name":"wp","href":"https:\/\/api.w.org\/{rel}","templated":true}]}}